{"id":83,"date":"2025-12-19T15:38:51","date_gmt":"2025-12-19T08:38:51","guid":{"rendered":"https:\/\/ServerOne.myddns.me\/?page_id=83"},"modified":"2026-01-10T15:12:42","modified_gmt":"2026-01-10T08:12:42","slug":"trang-chu","status":"publish","type":"page","link":"https:\/\/serverone.myddns.me\/","title":{"rendered":"Trang ch\u1ee7"},"content":{"rendered":"\n<div class=\"lz-home-container\"><div class=\"lz-ad-slot\">KHU V\u1ef0C QU\u1ea2NG C\u00c1O BANNER TOP<\/div><div class=\"lz-section-header\"><span class=\"lz-dot\"><\/span> TRUY\u1ec6N HOT<\/div><div class=\"lz-story-grid\"><div class=\"lz-card\">\r\n                        <a href=\"https:\/\/serverone.myddns.me\/index.php\/truyen\/nhat-ky-hai-sao-on-ngan\/\" class=\"lz-card-link\">\r\n                            <div class=\"lz-card-thumb\">\r\n                                <img decoding=\"async\" src=\"https:\/\/serverone.myddns.me\/wp-content\/uploads\/2026\/03\/404044170-288-k6650-192x300.jpg\" alt=\"Nh\u1eadt K\u00fd H\u00e1i Sao &#8211; \u00d4n Ng\u1ea1n\">\r\n \u00a0 \u00a0 \u00a0 \u00a0 \u00a0 \u00a0 \u00a0 \u00a0 \u00a0 \u00a0 \u00a0 \u00a0 \u00a0 \u00a0 \u00a0 \u00a0<div class=\"lz-badge\">Hot\ud83d\udd25<\/div>\r\n                            <\/div>\r\n                            <div class=\"lz-card-body\">\r\n                                <h3 class=\"lz-card-title\">Nh\u1eadt K\u00fd H\u00e1i Sao &#8211; \u00d4n Ng\u1ea1n<\/h3>\r\n                                <p class=\"lz-card-author\"><i class=\"dashicons dashicons-admin-users\"><\/i> \u00d4n Ng\u1ea1n<\/p>\r\n                            <\/div>\r\n                        <\/a>\r\n                    <\/div><\/div><div class=\"lz-ad-slot\">KHU V\u1ef0C QU\u1ea2NG C\u00c1O BANNER BOTTOM<\/div><\/div>\n\n\n\n<p><\/p>\n","protected":false},"excerpt":{"rendered":"","protected":false},"author":2,"featured_media":0,"parent":0,"menu_order":0,"comment_status":"closed","ping_status":"closed","template":"","meta":{"_acf_changed":false,"site-sidebar-layout":"default","site-content-layout":"","ast-site-content-layout":"default","site-content-style":"default","site-sidebar-style":"default","ast-global-header-display":"","ast-banner-title-visibility":"","ast-main-header-display":"","ast-hfb-above-header-display":"","ast-hfb-below-header-display":"","ast-hfb-mobile-header-display":"","site-post-title":"","ast-breadcrumbs-content":"","ast-featured-img":"","footer-sml-layout":"","ast-disable-related-posts":"","theme-transparent-header-meta":"","adv-header-id-meta":"","stick-header-meta":"","header-above-stick-meta":"","header-main-stick-meta":"","header-below-stick-meta":"","astra-migrate-meta-layouts":"default","ast-page-background-enabled":"default","ast-page-background-meta":{"desktop":{"background-color":"var(--ast-global-color-5)","background-image":"","background-repeat":"repeat","background-position":"center center","background-size":"auto","background-attachment":"scroll","background-type":"","background-media":"","overlay-type":"","overlay-color":"","overlay-opacity":"","overlay-gradient":""},"tablet":{"background-color":"","background-image":"","background-repeat":"repeat","background-position":"center center","background-size":"auto","background-attachment":"scroll","background-type":"","background-media":"","overlay-type":"","overlay-color":"","overlay-opacity":"","overlay-gradient":""},"mobile":{"background-color":"","background-image":"","background-repeat":"repeat","background-position":"center center","background-size":"auto","background-attachment":"scroll","background-type":"","background-media":"","overlay-type":"","overlay-color":"","overlay-opacity":"","overlay-gradient":""}},"ast-content-background-meta":{"desktop":{"background-color":"var(--ast-global-color-4)","background-image":"","background-repeat":"repeat","background-position":"center center","background-size":"auto","background-attachment":"scroll","background-type":"","background-media":"","overlay-type":"","overlay-color":"","overlay-opacity":"","overlay-gradient":""},"tablet":{"background-color":"var(--ast-global-color-4)","background-image":"","background-repeat":"repeat","background-position":"center center","background-size":"auto","background-attachment":"scroll","background-type":"","background-media":"","overlay-type":"","overlay-color":"","overlay-opacity":"","overlay-gradient":""},"mobile":{"background-color":"var(--ast-global-color-4)","background-image":"","background-repeat":"repeat","background-position":"center center","background-size":"auto","background-attachment":"scroll","background-type":"","background-media":"","overlay-type":"","overlay-color":"","overlay-opacity":"","overlay-gradient":""}},"footnotes":""},"class_list":["post-83","page","type-page","status-publish","hentry"],"acf":[],"_links":{"self":[{"href":"https:\/\/serverone.myddns.me\/index.php\/wp-json\/wp\/v2\/pages\/83","targetHints":{"allow":["GET"]}}],"collection":[{"href":"https:\/\/serverone.myddns.me\/index.php\/wp-json\/wp\/v2\/pages"}],"about":[{"href":"https:\/\/serverone.myddns.me\/index.php\/wp-json\/wp\/v2\/types\/page"}],"author":[{"embeddable":true,"href":"https:\/\/serverone.myddns.me\/index.php\/wp-json\/wp\/v2\/users\/2"}],"replies":[{"embeddable":true,"href":"https:\/\/serverone.myddns.me\/index.php\/wp-json\/wp\/v2\/comments?post=83"}],"version-history":[{"count":5,"href":"https:\/\/serverone.myddns.me\/index.php\/wp-json\/wp\/v2\/pages\/83\/revisions"}],"predecessor-version":[{"id":247,"href":"https:\/\/serverone.myddns.me\/index.php\/wp-json\/wp\/v2\/pages\/83\/revisions\/247"}],"wp:attachment":[{"href":"https:\/\/serverone.myddns.me\/index.php\/wp-json\/wp\/v2\/media?parent=83"}],"curies":[{"name":"wp","href":"https:\/\/api.w.org\/{rel}","templated":true}]}}